{"id":5046,"date":"2014-02-06T13:50:11","date_gmt":"2014-02-06T13:50:11","guid":{"rendered":"https:\/\/www.kucacaja-split.hr\/proizvod\/ginseng\/"},"modified":"2024-07-26T11:43:45","modified_gmt":"2024-07-26T09:43:45","slug":"ginseng","status":"publish","type":"product","link":"https:\/\/www.kucacaja-split.hr\/en\/product\/ginseng\/","title":{"rendered":"Ginseng"},"content":{"rendered":"<p><strong>Ingredients:<\/strong><br \/>Green tea enriched with ginseng (strengthens the immune system, gives energy and vitality, and improves concentration), and sea buckthorn (extremely rich in vitamins, especially vitamin C, benefits the skin and complexion). Recommendation of the House!<\/p>\n<p><strong>Recommendation:<\/strong> consume in the morning.<\/p>\n<p><strong>Preparation:<\/strong> <br \/>At 2.5 &#8211; 3 1 teaspoon per dcl of water.<br \/>1 soup spoon per 1 L of water.<br \/>Water temperature 80\u00b0C.<br \/>Keep covered in water for 1.5 &#8211; 3 min.<\/p>\n","protected":false},"excerpt":{"rendered":"<p>Green tea enriched with ginseng (strengthens the immune system, gives energy and vitality, and improves concentration), and sea buckthorn (extremely rich in vitamins, especially vitamin C, and benefits the skin and complexion). Recommendation of the House!<\/p>\n","protected":false},"featured_media":5047,"template":"","meta":{"site-sidebar-layout":"default","site-content-layout":"default","ast-site-content-layout":"default","site-content-style":"default","site-sidebar-style":"default","ast-global-header-display":"","ast-banner-title-visibility":"","ast-main-header-display":"","ast-hfb-above-header-display":"","ast-hfb-below-header-display":"","ast-hfb-mobile-header-display":"","site-post-title":"","ast-breadcrumbs-content":"","ast-featured-img":"","footer-sml-layout":"","theme-transparent-header-meta":"default","adv-header-id-meta":"","stick-header-meta":"default","header-above-stick-meta":"","header-main-stick-meta":"","header-below-stick-meta":"","astra-migrate-meta-layouts":"default","ast-page-background-enabled":"default","ast-page-background-meta":{"desktop":{"background-color":"","background-image":"","background-repeat":"repeat","background-position":"center center","background-size":"auto","background-attachment":"scroll","background-type":"","background-media":"","overlay-type":"","overlay-color":"","overlay-opacity":"","overlay-gradient":""},"tablet":{"background-color":"","background-image":"","background-repeat":"repeat","background-position":"center center","background-size":"auto","background-attachment":"scroll","background-type":"","background-media":"","overlay-type":"","overlay-color":"","overlay-opacity":"","overlay-gradient":""},"mobile":{"background-color":"","background-image":"","background-repeat":"repeat","background-position":"center center","background-size":"auto","background-attachment":"scroll","background-type":"","background-media":"","overlay-type":"","overlay-color":"","overlay-opacity":"","overlay-gradient":""}},"ast-content-background-meta":{"desktop":{"background-color":"var(--ast-global-color-5)","background-image":"","background-repeat":"repeat","background-position":"center center","background-size":"auto","background-attachment":"scroll","background-type":"","background-media":"","overlay-type":"","overlay-color":"","overlay-opacity":"","overlay-gradient":""},"tablet":{"background-color":"var(--ast-global-color-5)","background-image":"","background-repeat":"repeat","background-position":"center center","background-size":"auto","background-attachment":"scroll","background-type":"","background-media":"","overlay-type":"","overlay-color":"","overlay-opacity":"","overlay-gradient":""},"mobile":{"background-color":"var(--ast-global-color-5)","background-image":"","background-repeat":"repeat","background-position":"center center","background-size":"auto","background-attachment":"scroll","background-type":"","background-media":"","overlay-type":"","overlay-color":"","overlay-opacity":"","overlay-gradient":""}}},"product_brand":[],"product_cat":[154],"product_tag":[],"class_list":{"0":"post-5046","1":"product","2":"type-product","3":"status-publish","4":"has-post-thumbnail","6":"product_cat-green-teas","7":"pa_brand_nc-sinass-tea-en-3","8":"pa_kolicina-za-narudzbu-100g-en","9":"pa_kolicina-za-narudzbu-200g-en","10":"pa_kolicina-za-narudzbu-300g-en","11":"pa_kolicina-za-narudzbu-400g-en","12":"pa_kolicina-za-narudzbu-500g-en","13":"pa_kolicina-za-narudzbu-50g-en","14":"desktop-align-left","15":"tablet-align-left","16":"mobile-align-left","17":"ast-product-gallery-layout-horizontal","18":"ast-product-gallery-with-no-image","19":"ast-product-single-variable","20":"ast-product-tabs-layout-horizontal","21":"ast-qv-on-image","23":"first","24":"instock","25":"taxable","26":"shipping-taxable","27":"purchasable","28":"product-type-variable","29":"has-default-attributes"},"yoast_head":"<!-- This site is optimized with the Yoast SEO plugin v25.7 - https:\/\/yoast.com\/wordpress\/plugins\/seo\/ -->\n<title>Ginseng - Ku\u0107a \u010daja Split Kaliterna<\/title>\n<meta name=\"robots\" content=\"index, follow, max-snippet:-1, max-image-preview:large, max-video-preview:-1\" \/>\n<link rel=\"canonical\" href=\"https:\/\/www.kucacaja-split.hr\/en\/product\/ginseng\/\" \/>\n<meta property=\"og:locale\" content=\"en_US\" \/>\n<meta property=\"og:type\" content=\"article\" \/>\n<meta property=\"og:title\" content=\"Ginseng - Ku\u0107a \u010daja Split Kaliterna\" \/>\n<meta property=\"og:description\" content=\"Green tea enriched with ginseng (strengthens the immune system, gives energy and vitality, and improves concentration), and sea buckthorn (extremely rich in vitamins, especially vitamin C, and benefits the skin and complexion). Recommendation of the House!\" \/>\n<meta property=\"og:url\" content=\"https:\/\/www.kucacaja-split.hr\/en\/product\/ginseng\/\" \/>\n<meta property=\"og:site_name\" content=\"Ku\u0107a \u010daja Split Kaliterna\" \/>\n<meta property=\"article:publisher\" content=\"https:\/\/web.facebook.com\/kucacajasplit\/\" \/>\n<meta property=\"article:modified_time\" content=\"2024-07-26T09:43:45+00:00\" \/>\n<meta property=\"og:image\" content=\"https:\/\/www.kucacaja-split.hr\/wp-content\/uploads\/nc\/images\/stories\/virtuemart\/product\/ginseng-scaled.jpg\" \/>\n\t<meta property=\"og:image:width\" content=\"2592\" \/>\n\t<meta property=\"og:image:height\" content=\"1944\" \/>\n\t<meta property=\"og:image:type\" content=\"image\/jpeg\" \/>\n<meta name=\"twitter:card\" content=\"summary_large_image\" \/>\n<meta name=\"twitter:site\" content=\"@KucaCajaSplit\" \/>\n<meta name=\"twitter:label1\" content=\"Est. reading time\" \/>\n\t<meta name=\"twitter:data1\" content=\"1 minute\" \/>\n<script type=\"application\/ld+json\" class=\"yoast-schema-graph\">{\"@context\":\"https:\/\/schema.org\",\"@graph\":[{\"@type\":\"WebPage\",\"@id\":\"https:\/\/www.kucacaja-split.hr\/en\/product\/ginseng\/\",\"url\":\"https:\/\/www.kucacaja-split.hr\/en\/product\/ginseng\/\",\"name\":\"Ginseng - Ku\u0107a \u010daja Split Kaliterna\",\"isPartOf\":{\"@id\":\"https:\/\/www.kucacaja-split.hr\/#website\"},\"primaryImageOfPage\":{\"@id\":\"https:\/\/www.kucacaja-split.hr\/en\/product\/ginseng\/#primaryimage\"},\"image\":{\"@id\":\"https:\/\/www.kucacaja-split.hr\/en\/product\/ginseng\/#primaryimage\"},\"thumbnailUrl\":\"https:\/\/www.kucacaja-split.hr\/wp-content\/uploads\/nc\/images\/stories\/virtuemart\/product\/ginseng-scaled.jpg\",\"datePublished\":\"2014-02-06T13:50:11+00:00\",\"dateModified\":\"2024-07-26T09:43:45+00:00\",\"breadcrumb\":{\"@id\":\"https:\/\/www.kucacaja-split.hr\/en\/product\/ginseng\/#breadcrumb\"},\"inLanguage\":\"en-US\",\"potentialAction\":[{\"@type\":\"ReadAction\",\"target\":[\"https:\/\/www.kucacaja-split.hr\/en\/product\/ginseng\/\"]}]},{\"@type\":\"ImageObject\",\"inLanguage\":\"en-US\",\"@id\":\"https:\/\/www.kucacaja-split.hr\/en\/product\/ginseng\/#primaryimage\",\"url\":\"https:\/\/www.kucacaja-split.hr\/wp-content\/uploads\/nc\/images\/stories\/virtuemart\/product\/ginseng-scaled.jpg\",\"contentUrl\":\"https:\/\/www.kucacaja-split.hr\/wp-content\/uploads\/nc\/images\/stories\/virtuemart\/product\/ginseng-scaled.jpg\",\"width\":2592,\"height\":1944},{\"@type\":\"BreadcrumbList\",\"@id\":\"https:\/\/www.kucacaja-split.hr\/en\/product\/ginseng\/#breadcrumb\",\"itemListElement\":[{\"@type\":\"ListItem\",\"position\":1,\"name\":\"Po\u010detna stranica\",\"item\":\"https:\/\/www.kucacaja-split.hr\/en\/\"},{\"@type\":\"ListItem\",\"position\":2,\"name\":\"Teas\",\"item\":\"https:\/\/www.kucacaja-split.hr\/en\/shop\/\"},{\"@type\":\"ListItem\",\"position\":3,\"name\":\"Ginseng\"}]},{\"@type\":\"WebSite\",\"@id\":\"https:\/\/www.kucacaja-split.hr\/#website\",\"url\":\"https:\/\/www.kucacaja-split.hr\/\",\"name\":\"Ku\u0107a \u010daja Split Kaliterna\",\"description\":\"Ku\u0107a \u010daja Split Kaliterna\",\"publisher\":{\"@id\":\"https:\/\/www.kucacaja-split.hr\/#organization\"},\"potentialAction\":[{\"@type\":\"SearchAction\",\"target\":{\"@type\":\"EntryPoint\",\"urlTemplate\":\"https:\/\/www.kucacaja-split.hr\/?s={search_term_string}\"},\"query-input\":{\"@type\":\"PropertyValueSpecification\",\"valueRequired\":true,\"valueName\":\"search_term_string\"}}],\"inLanguage\":\"en-US\"},{\"@type\":\"Organization\",\"@id\":\"https:\/\/www.kucacaja-split.hr\/#organization\",\"name\":\"Ku\u0107a \u010daja Split Kaliterna\",\"url\":\"https:\/\/www.kucacaja-split.hr\/\",\"logo\":{\"@type\":\"ImageObject\",\"inLanguage\":\"en-US\",\"@id\":\"https:\/\/www.kucacaja-split.hr\/#\/schema\/logo\/image\/\",\"url\":\"https:\/\/www.kucacaja-split.hr\/wp-content\/uploads\/2022\/03\/logo.png\",\"contentUrl\":\"https:\/\/www.kucacaja-split.hr\/wp-content\/uploads\/2022\/03\/logo.png\",\"width\":407,\"height\":167,\"caption\":\"Ku\u0107a \u010daja Split Kaliterna\"},\"image\":{\"@id\":\"https:\/\/www.kucacaja-split.hr\/#\/schema\/logo\/image\/\"},\"sameAs\":[\"https:\/\/web.facebook.com\/kucacajasplit\/\",\"https:\/\/x.com\/KucaCajaSplit\",\"https:\/\/www.instagram.com\/teahousekaliterna\/?hl=hr\"]}]}<\/script>\n<!-- \/ Yoast SEO plugin. -->","yoast_head_json":{"title":"Ginseng - Ku\u0107a \u010daja Split Kaliterna","robots":{"index":"index","follow":"follow","max-snippet":"max-snippet:-1","max-image-preview":"max-image-preview:large","max-video-preview":"max-video-preview:-1"},"canonical":"https:\/\/www.kucacaja-split.hr\/en\/product\/ginseng\/","og_locale":"en_US","og_type":"article","og_title":"Ginseng - Ku\u0107a \u010daja Split Kaliterna","og_description":"Green tea enriched with ginseng (strengthens the immune system, gives energy and vitality, and improves concentration), and sea buckthorn (extremely rich in vitamins, especially vitamin C, and benefits the skin and complexion). Recommendation of the House!","og_url":"https:\/\/www.kucacaja-split.hr\/en\/product\/ginseng\/","og_site_name":"Ku\u0107a \u010daja Split Kaliterna","article_publisher":"https:\/\/web.facebook.com\/kucacajasplit\/","article_modified_time":"2024-07-26T09:43:45+00:00","og_image":[{"width":2592,"height":1944,"url":"https:\/\/www.kucacaja-split.hr\/wp-content\/uploads\/nc\/images\/stories\/virtuemart\/product\/ginseng-scaled.jpg","type":"image\/jpeg"}],"twitter_card":"summary_large_image","twitter_site":"@KucaCajaSplit","twitter_misc":{"Est. reading time":"1 minute"},"schema":{"@context":"https:\/\/schema.org","@graph":[{"@type":"WebPage","@id":"https:\/\/www.kucacaja-split.hr\/en\/product\/ginseng\/","url":"https:\/\/www.kucacaja-split.hr\/en\/product\/ginseng\/","name":"Ginseng - Ku\u0107a \u010daja Split Kaliterna","isPartOf":{"@id":"https:\/\/www.kucacaja-split.hr\/#website"},"primaryImageOfPage":{"@id":"https:\/\/www.kucacaja-split.hr\/en\/product\/ginseng\/#primaryimage"},"image":{"@id":"https:\/\/www.kucacaja-split.hr\/en\/product\/ginseng\/#primaryimage"},"thumbnailUrl":"https:\/\/www.kucacaja-split.hr\/wp-content\/uploads\/nc\/images\/stories\/virtuemart\/product\/ginseng-scaled.jpg","datePublished":"2014-02-06T13:50:11+00:00","dateModified":"2024-07-26T09:43:45+00:00","breadcrumb":{"@id":"https:\/\/www.kucacaja-split.hr\/en\/product\/ginseng\/#breadcrumb"},"inLanguage":"en-US","potentialAction":[{"@type":"ReadAction","target":["https:\/\/www.kucacaja-split.hr\/en\/product\/ginseng\/"]}]},{"@type":"ImageObject","inLanguage":"en-US","@id":"https:\/\/www.kucacaja-split.hr\/en\/product\/ginseng\/#primaryimage","url":"https:\/\/www.kucacaja-split.hr\/wp-content\/uploads\/nc\/images\/stories\/virtuemart\/product\/ginseng-scaled.jpg","contentUrl":"https:\/\/www.kucacaja-split.hr\/wp-content\/uploads\/nc\/images\/stories\/virtuemart\/product\/ginseng-scaled.jpg","width":2592,"height":1944},{"@type":"BreadcrumbList","@id":"https:\/\/www.kucacaja-split.hr\/en\/product\/ginseng\/#breadcrumb","itemListElement":[{"@type":"ListItem","position":1,"name":"Po\u010detna stranica","item":"https:\/\/www.kucacaja-split.hr\/en\/"},{"@type":"ListItem","position":2,"name":"Teas","item":"https:\/\/www.kucacaja-split.hr\/en\/shop\/"},{"@type":"ListItem","position":3,"name":"Ginseng"}]},{"@type":"WebSite","@id":"https:\/\/www.kucacaja-split.hr\/#website","url":"https:\/\/www.kucacaja-split.hr\/","name":"Ku\u0107a \u010daja Split Kaliterna","description":"Ku\u0107a \u010daja Split Kaliterna","publisher":{"@id":"https:\/\/www.kucacaja-split.hr\/#organization"},"potentialAction":[{"@type":"SearchAction","target":{"@type":"EntryPoint","urlTemplate":"https:\/\/www.kucacaja-split.hr\/?s={search_term_string}"},"query-input":{"@type":"PropertyValueSpecification","valueRequired":true,"valueName":"search_term_string"}}],"inLanguage":"en-US"},{"@type":"Organization","@id":"https:\/\/www.kucacaja-split.hr\/#organization","name":"Ku\u0107a \u010daja Split Kaliterna","url":"https:\/\/www.kucacaja-split.hr\/","logo":{"@type":"ImageObject","inLanguage":"en-US","@id":"https:\/\/www.kucacaja-split.hr\/#\/schema\/logo\/image\/","url":"https:\/\/www.kucacaja-split.hr\/wp-content\/uploads\/2022\/03\/logo.png","contentUrl":"https:\/\/www.kucacaja-split.hr\/wp-content\/uploads\/2022\/03\/logo.png","width":407,"height":167,"caption":"Ku\u0107a \u010daja Split Kaliterna"},"image":{"@id":"https:\/\/www.kucacaja-split.hr\/#\/schema\/logo\/image\/"},"sameAs":["https:\/\/web.facebook.com\/kucacajasplit\/","https:\/\/x.com\/KucaCajaSplit","https:\/\/www.instagram.com\/teahousekaliterna\/?hl=hr"]}]}},"_links":{"self":[{"href":"https:\/\/www.kucacaja-split.hr\/en\/wp-json\/wp\/v2\/product\/5046","targetHints":{"allow":["GET"]}}],"collection":[{"href":"https:\/\/www.kucacaja-split.hr\/en\/wp-json\/wp\/v2\/product"}],"about":[{"href":"https:\/\/www.kucacaja-split.hr\/en\/wp-json\/wp\/v2\/types\/product"}],"wp:featuredmedia":[{"embeddable":true,"href":"https:\/\/www.kucacaja-split.hr\/en\/wp-json\/wp\/v2\/media\/5047"}],"wp:attachment":[{"href":"https:\/\/www.kucacaja-split.hr\/en\/wp-json\/wp\/v2\/media?parent=5046"}],"wp:term":[{"taxonomy":"product_brand","embeddable":true,"href":"https:\/\/www.kucacaja-split.hr\/en\/wp-json\/wp\/v2\/product_brand?post=5046"},{"taxonomy":"product_cat","embeddable":true,"href":"https:\/\/www.kucacaja-split.hr\/en\/wp-json\/wp\/v2\/product_cat?post=5046"},{"taxonomy":"product_tag","embeddable":true,"href":"https:\/\/www.kucacaja-split.hr\/en\/wp-json\/wp\/v2\/product_tag?post=5046"}],"curies":[{"name":"wp","href":"https:\/\/api.w.org\/{rel}","templated":true}]}}