{"id":4262,"date":"2017-11-07T12:41:36","date_gmt":"2017-11-07T12:41:36","guid":{"rendered":"https:\/\/www.kucacaja-split.hr\/proizvod\/green-snail\/"},"modified":"2022-11-03T01:00:57","modified_gmt":"2022-11-03T00:00:57","slug":"green-snail","status":"publish","type":"product","link":"https:\/\/www.kucacaja-split.hr\/en\/product\/green-snail\/","title":{"rendered":"Green Snail"},"content":{"rendered":"<p><strong>Composition:<\/strong><\/p>\n<p>Another representative of traditional Chinese tea, slightly curled leaf, exceptional character, aroma, slightly fruity taste. An ideal daily drink with an antioxidant effect, cleansing the body of toxins, for the skin, complexion, metabolism&#8230; It contains thein, so it is recommended to consume it during the day.<\/p>\n<p><strong>Preparation:<\/strong> <br \/>1 teaspoon per 2.5 &#8211; 3 dcl of water. <br \/>1 L of water is 1 soup spoon. <br \/>Water temperature 70 &#8211; 80\u00b0C. <br \/>Keep covered in water for 2 &#8211; 3 min.<\/p>\n","protected":false},"excerpt":{"rendered":"<p>Another representative of traditional Chinese tea, slightly curled leaf, exceptional character, aroma, slightly fruity taste. An ideal daily drink with antioxidant action, a body cleaner from toxins, for the skin, complexion, metabolism&#8230; It contains theine, so it is recommended to consume it during the day.<\/p>\n","protected":false},"featured_media":4263,"template":"","meta":{"site-sidebar-layout":"default","site-content-layout":"default","ast-site-content-layout":"default","site-content-style":"default","site-sidebar-style":"default","ast-global-header-display":"","ast-banner-title-visibility":"","ast-main-header-display":"","ast-hfb-above-header-display":"","ast-hfb-below-header-display":"","ast-hfb-mobile-header-display":"","site-post-title":"","ast-breadcrumbs-content":"","ast-featured-img":"","footer-sml-layout":"","theme-transparent-header-meta":"default","adv-header-id-meta":"","stick-header-meta":"default","header-above-stick-meta":"","header-main-stick-meta":"","header-below-stick-meta":"","astra-migrate-meta-layouts":"default","ast-page-background-enabled":"default","ast-page-background-meta":{"desktop":{"background-color":"","background-image":"","background-repeat":"repeat","background-position":"center center","background-size":"auto","background-attachment":"scroll","background-type":"","background-media":"","overlay-type":"","overlay-color":"","overlay-opacity":"","overlay-gradient":""},"tablet":{"background-color":"","background-image":"","background-repeat":"repeat","background-position":"center center","background-size":"auto","background-attachment":"scroll","background-type":"","background-media":"","overlay-type":"","overlay-color":"","overlay-opacity":"","overlay-gradient":""},"mobile":{"background-color":"","background-image":"","background-repeat":"repeat","background-position":"center center","background-size":"auto","background-attachment":"scroll","background-type":"","background-media":"","overlay-type":"","overlay-color":"","overlay-opacity":"","overlay-gradient":""}},"ast-content-background-meta":{"desktop":{"background-color":"var(--ast-global-color-5)","background-image":"","background-repeat":"repeat","background-position":"center center","background-size":"auto","background-attachment":"scroll","background-type":"","background-media":"","overlay-type":"","overlay-color":"","overlay-opacity":"","overlay-gradient":""},"tablet":{"background-color":"var(--ast-global-color-5)","background-image":"","background-repeat":"repeat","background-position":"center center","background-size":"auto","background-attachment":"scroll","background-type":"","background-media":"","overlay-type":"","overlay-color":"","overlay-opacity":"","overlay-gradient":""},"mobile":{"background-color":"var(--ast-global-color-5)","background-image":"","background-repeat":"repeat","background-position":"center center","background-size":"auto","background-attachment":"scroll","background-type":"","background-media":"","overlay-type":"","overlay-color":"","overlay-opacity":"","overlay-gradient":""}}},"product_brand":[],"product_cat":[154],"product_tag":[],"class_list":{"0":"post-4262","1":"product","2":"type-product","3":"status-publish","4":"has-post-thumbnail","6":"product_cat-green-teas","7":"pa_brand_nc-sinass-tea-en-3","8":"pa_kolicina-za-narudzbu-100g-en","9":"pa_kolicina-za-narudzbu-200g-en","10":"pa_kolicina-za-narudzbu-300g-en","11":"pa_kolicina-za-narudzbu-400g-en","12":"pa_kolicina-za-narudzbu-500g-en","13":"pa_kolicina-za-narudzbu-50g-en","14":"desktop-align-left","15":"tablet-align-left","16":"mobile-align-left","17":"ast-product-gallery-layout-horizontal","18":"ast-product-gallery-with-no-image","19":"ast-product-single-variable","20":"ast-product-tabs-layout-horizontal","21":"ast-qv-on-image","23":"first","24":"instock","25":"taxable","26":"shipping-taxable","27":"purchasable","28":"product-type-variable","29":"has-default-attributes"},"yoast_head":"<!-- This site is optimized with the Yoast SEO plugin v25.7 - https:\/\/yoast.com\/wordpress\/plugins\/seo\/ -->\n<title>Green Snail - Ku\u0107a \u010daja Split Kaliterna<\/title>\n<meta name=\"robots\" content=\"index, follow, max-snippet:-1, max-image-preview:large, max-video-preview:-1\" \/>\n<link rel=\"canonical\" href=\"https:\/\/www.kucacaja-split.hr\/en\/product\/green-snail\/\" \/>\n<meta property=\"og:locale\" content=\"en_US\" \/>\n<meta property=\"og:type\" content=\"article\" \/>\n<meta property=\"og:title\" content=\"Green Snail - Ku\u0107a \u010daja Split Kaliterna\" \/>\n<meta property=\"og:description\" content=\"Another representative of traditional Chinese tea, slightly curled leaf, exceptional character, aroma, slightly fruity taste. An ideal daily drink with antioxidant action, a body cleaner from toxins, for the skin, complexion, metabolism... It contains theine, so it is recommended to consume it during the day.\" \/>\n<meta property=\"og:url\" content=\"https:\/\/www.kucacaja-split.hr\/en\/product\/green-snail\/\" \/>\n<meta property=\"og:site_name\" content=\"Ku\u0107a \u010daja Split Kaliterna\" \/>\n<meta property=\"article:publisher\" content=\"https:\/\/web.facebook.com\/kucacajasplit\/\" \/>\n<meta property=\"article:modified_time\" content=\"2022-11-03T00:00:57+00:00\" \/>\n<meta property=\"og:image\" content=\"https:\/\/www.kucacaja-split.hr\/wp-content\/uploads\/nc\/images\/stories\/virtuemart\/product\/img_0096.jpg\" \/>\n\t<meta property=\"og:image:width\" content=\"1200\" \/>\n\t<meta property=\"og:image:height\" content=\"900\" \/>\n\t<meta property=\"og:image:type\" content=\"image\/jpeg\" \/>\n<meta name=\"twitter:card\" content=\"summary_large_image\" \/>\n<meta name=\"twitter:site\" content=\"@KucaCajaSplit\" \/>\n<meta name=\"twitter:label1\" content=\"Est. reading time\" \/>\n\t<meta name=\"twitter:data1\" content=\"1 minute\" \/>\n<script type=\"application\/ld+json\" class=\"yoast-schema-graph\">{\"@context\":\"https:\/\/schema.org\",\"@graph\":[{\"@type\":\"WebPage\",\"@id\":\"https:\/\/www.kucacaja-split.hr\/en\/product\/green-snail\/\",\"url\":\"https:\/\/www.kucacaja-split.hr\/en\/product\/green-snail\/\",\"name\":\"Green Snail - Ku\u0107a \u010daja Split Kaliterna\",\"isPartOf\":{\"@id\":\"https:\/\/www.kucacaja-split.hr\/#website\"},\"primaryImageOfPage\":{\"@id\":\"https:\/\/www.kucacaja-split.hr\/en\/product\/green-snail\/#primaryimage\"},\"image\":{\"@id\":\"https:\/\/www.kucacaja-split.hr\/en\/product\/green-snail\/#primaryimage\"},\"thumbnailUrl\":\"https:\/\/www.kucacaja-split.hr\/wp-content\/uploads\/nc\/images\/stories\/virtuemart\/product\/img_0096.jpg\",\"datePublished\":\"2017-11-07T12:41:36+00:00\",\"dateModified\":\"2022-11-03T00:00:57+00:00\",\"breadcrumb\":{\"@id\":\"https:\/\/www.kucacaja-split.hr\/en\/product\/green-snail\/#breadcrumb\"},\"inLanguage\":\"en-US\",\"potentialAction\":[{\"@type\":\"ReadAction\",\"target\":[\"https:\/\/www.kucacaja-split.hr\/en\/product\/green-snail\/\"]}]},{\"@type\":\"ImageObject\",\"inLanguage\":\"en-US\",\"@id\":\"https:\/\/www.kucacaja-split.hr\/en\/product\/green-snail\/#primaryimage\",\"url\":\"https:\/\/www.kucacaja-split.hr\/wp-content\/uploads\/nc\/images\/stories\/virtuemart\/product\/img_0096.jpg\",\"contentUrl\":\"https:\/\/www.kucacaja-split.hr\/wp-content\/uploads\/nc\/images\/stories\/virtuemart\/product\/img_0096.jpg\",\"width\":1200,\"height\":900},{\"@type\":\"BreadcrumbList\",\"@id\":\"https:\/\/www.kucacaja-split.hr\/en\/product\/green-snail\/#breadcrumb\",\"itemListElement\":[{\"@type\":\"ListItem\",\"position\":1,\"name\":\"Po\u010detna stranica\",\"item\":\"https:\/\/www.kucacaja-split.hr\/en\/\"},{\"@type\":\"ListItem\",\"position\":2,\"name\":\"Teas\",\"item\":\"https:\/\/www.kucacaja-split.hr\/en\/shop\/\"},{\"@type\":\"ListItem\",\"position\":3,\"name\":\"Green Snail\"}]},{\"@type\":\"WebSite\",\"@id\":\"https:\/\/www.kucacaja-split.hr\/#website\",\"url\":\"https:\/\/www.kucacaja-split.hr\/\",\"name\":\"Ku\u0107a \u010daja Split Kaliterna\",\"description\":\"Ku\u0107a \u010daja Split Kaliterna\",\"publisher\":{\"@id\":\"https:\/\/www.kucacaja-split.hr\/#organization\"},\"potentialAction\":[{\"@type\":\"SearchAction\",\"target\":{\"@type\":\"EntryPoint\",\"urlTemplate\":\"https:\/\/www.kucacaja-split.hr\/?s={search_term_string}\"},\"query-input\":{\"@type\":\"PropertyValueSpecification\",\"valueRequired\":true,\"valueName\":\"search_term_string\"}}],\"inLanguage\":\"en-US\"},{\"@type\":\"Organization\",\"@id\":\"https:\/\/www.kucacaja-split.hr\/#organization\",\"name\":\"Ku\u0107a \u010daja Split Kaliterna\",\"url\":\"https:\/\/www.kucacaja-split.hr\/\",\"logo\":{\"@type\":\"ImageObject\",\"inLanguage\":\"en-US\",\"@id\":\"https:\/\/www.kucacaja-split.hr\/#\/schema\/logo\/image\/\",\"url\":\"https:\/\/www.kucacaja-split.hr\/wp-content\/uploads\/2022\/03\/logo.png\",\"contentUrl\":\"https:\/\/www.kucacaja-split.hr\/wp-content\/uploads\/2022\/03\/logo.png\",\"width\":407,\"height\":167,\"caption\":\"Ku\u0107a \u010daja Split Kaliterna\"},\"image\":{\"@id\":\"https:\/\/www.kucacaja-split.hr\/#\/schema\/logo\/image\/\"},\"sameAs\":[\"https:\/\/web.facebook.com\/kucacajasplit\/\",\"https:\/\/x.com\/KucaCajaSplit\",\"https:\/\/www.instagram.com\/teahousekaliterna\/?hl=hr\"]}]}<\/script>\n<!-- \/ Yoast SEO plugin. -->","yoast_head_json":{"title":"Green Snail - Ku\u0107a \u010daja Split Kaliterna","robots":{"index":"index","follow":"follow","max-snippet":"max-snippet:-1","max-image-preview":"max-image-preview:large","max-video-preview":"max-video-preview:-1"},"canonical":"https:\/\/www.kucacaja-split.hr\/en\/product\/green-snail\/","og_locale":"en_US","og_type":"article","og_title":"Green Snail - Ku\u0107a \u010daja Split Kaliterna","og_description":"Another representative of traditional Chinese tea, slightly curled leaf, exceptional character, aroma, slightly fruity taste. An ideal daily drink with antioxidant action, a body cleaner from toxins, for the skin, complexion, metabolism... It contains theine, so it is recommended to consume it during the day.","og_url":"https:\/\/www.kucacaja-split.hr\/en\/product\/green-snail\/","og_site_name":"Ku\u0107a \u010daja Split Kaliterna","article_publisher":"https:\/\/web.facebook.com\/kucacajasplit\/","article_modified_time":"2022-11-03T00:00:57+00:00","og_image":[{"width":1200,"height":900,"url":"https:\/\/www.kucacaja-split.hr\/wp-content\/uploads\/nc\/images\/stories\/virtuemart\/product\/img_0096.jpg","type":"image\/jpeg"}],"twitter_card":"summary_large_image","twitter_site":"@KucaCajaSplit","twitter_misc":{"Est. reading time":"1 minute"},"schema":{"@context":"https:\/\/schema.org","@graph":[{"@type":"WebPage","@id":"https:\/\/www.kucacaja-split.hr\/en\/product\/green-snail\/","url":"https:\/\/www.kucacaja-split.hr\/en\/product\/green-snail\/","name":"Green Snail - Ku\u0107a \u010daja Split Kaliterna","isPartOf":{"@id":"https:\/\/www.kucacaja-split.hr\/#website"},"primaryImageOfPage":{"@id":"https:\/\/www.kucacaja-split.hr\/en\/product\/green-snail\/#primaryimage"},"image":{"@id":"https:\/\/www.kucacaja-split.hr\/en\/product\/green-snail\/#primaryimage"},"thumbnailUrl":"https:\/\/www.kucacaja-split.hr\/wp-content\/uploads\/nc\/images\/stories\/virtuemart\/product\/img_0096.jpg","datePublished":"2017-11-07T12:41:36+00:00","dateModified":"2022-11-03T00:00:57+00:00","breadcrumb":{"@id":"https:\/\/www.kucacaja-split.hr\/en\/product\/green-snail\/#breadcrumb"},"inLanguage":"en-US","potentialAction":[{"@type":"ReadAction","target":["https:\/\/www.kucacaja-split.hr\/en\/product\/green-snail\/"]}]},{"@type":"ImageObject","inLanguage":"en-US","@id":"https:\/\/www.kucacaja-split.hr\/en\/product\/green-snail\/#primaryimage","url":"https:\/\/www.kucacaja-split.hr\/wp-content\/uploads\/nc\/images\/stories\/virtuemart\/product\/img_0096.jpg","contentUrl":"https:\/\/www.kucacaja-split.hr\/wp-content\/uploads\/nc\/images\/stories\/virtuemart\/product\/img_0096.jpg","width":1200,"height":900},{"@type":"BreadcrumbList","@id":"https:\/\/www.kucacaja-split.hr\/en\/product\/green-snail\/#breadcrumb","itemListElement":[{"@type":"ListItem","position":1,"name":"Po\u010detna stranica","item":"https:\/\/www.kucacaja-split.hr\/en\/"},{"@type":"ListItem","position":2,"name":"Teas","item":"https:\/\/www.kucacaja-split.hr\/en\/shop\/"},{"@type":"ListItem","position":3,"name":"Green Snail"}]},{"@type":"WebSite","@id":"https:\/\/www.kucacaja-split.hr\/#website","url":"https:\/\/www.kucacaja-split.hr\/","name":"Ku\u0107a \u010daja Split Kaliterna","description":"Ku\u0107a \u010daja Split Kaliterna","publisher":{"@id":"https:\/\/www.kucacaja-split.hr\/#organization"},"potentialAction":[{"@type":"SearchAction","target":{"@type":"EntryPoint","urlTemplate":"https:\/\/www.kucacaja-split.hr\/?s={search_term_string}"},"query-input":{"@type":"PropertyValueSpecification","valueRequired":true,"valueName":"search_term_string"}}],"inLanguage":"en-US"},{"@type":"Organization","@id":"https:\/\/www.kucacaja-split.hr\/#organization","name":"Ku\u0107a \u010daja Split Kaliterna","url":"https:\/\/www.kucacaja-split.hr\/","logo":{"@type":"ImageObject","inLanguage":"en-US","@id":"https:\/\/www.kucacaja-split.hr\/#\/schema\/logo\/image\/","url":"https:\/\/www.kucacaja-split.hr\/wp-content\/uploads\/2022\/03\/logo.png","contentUrl":"https:\/\/www.kucacaja-split.hr\/wp-content\/uploads\/2022\/03\/logo.png","width":407,"height":167,"caption":"Ku\u0107a \u010daja Split Kaliterna"},"image":{"@id":"https:\/\/www.kucacaja-split.hr\/#\/schema\/logo\/image\/"},"sameAs":["https:\/\/web.facebook.com\/kucacajasplit\/","https:\/\/x.com\/KucaCajaSplit","https:\/\/www.instagram.com\/teahousekaliterna\/?hl=hr"]}]}},"_links":{"self":[{"href":"https:\/\/www.kucacaja-split.hr\/en\/wp-json\/wp\/v2\/product\/4262","targetHints":{"allow":["GET"]}}],"collection":[{"href":"https:\/\/www.kucacaja-split.hr\/en\/wp-json\/wp\/v2\/product"}],"about":[{"href":"https:\/\/www.kucacaja-split.hr\/en\/wp-json\/wp\/v2\/types\/product"}],"wp:featuredmedia":[{"embeddable":true,"href":"https:\/\/www.kucacaja-split.hr\/en\/wp-json\/wp\/v2\/media\/4263"}],"wp:attachment":[{"href":"https:\/\/www.kucacaja-split.hr\/en\/wp-json\/wp\/v2\/media?parent=4262"}],"wp:term":[{"taxonomy":"product_brand","embeddable":true,"href":"https:\/\/www.kucacaja-split.hr\/en\/wp-json\/wp\/v2\/product_brand?post=4262"},{"taxonomy":"product_cat","embeddable":true,"href":"https:\/\/www.kucacaja-split.hr\/en\/wp-json\/wp\/v2\/product_cat?post=4262"},{"taxonomy":"product_tag","embeddable":true,"href":"https:\/\/www.kucacaja-split.hr\/en\/wp-json\/wp\/v2\/product_tag?post=4262"}],"curies":[{"name":"wp","href":"https:\/\/api.w.org\/{rel}","templated":true}]}}