{"id":4134,"date":"2020-04-09T10:55:35","date_gmt":"2020-04-09T10:55:35","guid":{"rendered":"https:\/\/www.kucacaja-split.hr\/proizvod\/rodgrod-med-flode\/"},"modified":"2022-11-03T00:32:09","modified_gmt":"2022-11-02T23:32:09","slug":"rodgrod-med-flode","status":"publish","type":"product","link":"https:\/\/www.kucacaja-split.hr\/en\/product\/rodgrod-med-flode\/","title":{"rendered":"Rodgrod Med Flode"},"content":{"rendered":"<p style=\"margin-right: 2.22cm; margin-bottom: 0.35cm; font-weight: normal;\"><span style=\"font-size: medium;\"><strong>Composition:<\/strong> Fruit a mixture composed of cherry, cranberry, apple, hibiscus, and strawberry. An ideal daily drink suitable for better immunity, without theine (caffeine), calories, rich in vitamins and minerals, suitable for all age groups. Prepared, it can be consumed hot or cold within 24 hours.<\/span><\/p>\n<p style=\"margin-right: 2.22cm; margin-bottom: 0.35cm; font-weight: normal;\"><strong><span style=\"font-size: medium;\">Preparation:<\/span>< \/strong><\/p>\n<p style=\"margin-right: 2.22cm; margin-bottom: 0.35cm; font-weight: normal;\"><span style=\"font-size: medium;\">One \u200b\u200bteaspoon is used for 2.5 &#8211; 3 dcl of water teaspoon;<\/span><\/p>\n<p style=\"margin-right: 2.22cm; margin-bottom: 0.35cm; font-weight: normal;\"><span style=\"font-size: medium;\">One \u200b\u200bsoup spoon per liter of water;<\/ span><\/p>\n<p style=\"margin-right: 2.22cm; margin-bottom: 0.35cm; font-weight: normal;\"><span style=\"font-size: medium;\">Water temperature 100&#8217;C.<\/span> <\/p>\n<p style=\"margin-right: 2.22cm; margin-bottom: 0.35cm; font-weight: normal;\"><span style=\"font-size: medium;\">Keep covered in water for 10 min.<\/span ><\/p>\n","protected":false},"excerpt":{"rendered":"<p>A powerful mixture composed of cherry, cranberry, apple, hibiscus, and strawberry. An ideal daily drink suitable for better immunity, without theine (caffeine), calories, rich in vitamins and minerals, suitable for all age groups. Prepared, it can be consumed warm or cold within 24 hours.<\/p>\n","protected":false},"featured_media":4135,"template":"","meta":{"site-sidebar-layout":"default","site-content-layout":"default","ast-site-content-layout":"default","site-content-style":"default","site-sidebar-style":"default","ast-global-header-display":"","ast-banner-title-visibility":"","ast-main-header-display":"","ast-hfb-above-header-display":"","ast-hfb-below-header-display":"","ast-hfb-mobile-header-display":"","site-post-title":"","ast-breadcrumbs-content":"","ast-featured-img":"","footer-sml-layout":"","theme-transparent-header-meta":"default","adv-header-id-meta":"","stick-header-meta":"default","header-above-stick-meta":"","header-main-stick-meta":"","header-below-stick-meta":"","astra-migrate-meta-layouts":"default","ast-page-background-enabled":"default","ast-page-background-meta":{"desktop":{"background-color":"","background-image":"","background-repeat":"repeat","background-position":"center center","background-size":"auto","background-attachment":"scroll","background-type":"","background-media":"","overlay-type":"","overlay-color":"","overlay-opacity":"","overlay-gradient":""},"tablet":{"background-color":"","background-image":"","background-repeat":"repeat","background-position":"center center","background-size":"auto","background-attachment":"scroll","background-type":"","background-media":"","overlay-type":"","overlay-color":"","overlay-opacity":"","overlay-gradient":""},"mobile":{"background-color":"","background-image":"","background-repeat":"repeat","background-position":"center center","background-size":"auto","background-attachment":"scroll","background-type":"","background-media":"","overlay-type":"","overlay-color":"","overlay-opacity":"","overlay-gradient":""}},"ast-content-background-meta":{"desktop":{"background-color":"var(--ast-global-color-5)","background-image":"","background-repeat":"repeat","background-position":"center center","background-size":"auto","background-attachment":"scroll","background-type":"","background-media":"","overlay-type":"","overlay-color":"","overlay-opacity":"","overlay-gradient":""},"tablet":{"background-color":"var(--ast-global-color-5)","background-image":"","background-repeat":"repeat","background-position":"center center","background-size":"auto","background-attachment":"scroll","background-type":"","background-media":"","overlay-type":"","overlay-color":"","overlay-opacity":"","overlay-gradient":""},"mobile":{"background-color":"var(--ast-global-color-5)","background-image":"","background-repeat":"repeat","background-position":"center center","background-size":"auto","background-attachment":"scroll","background-type":"","background-media":"","overlay-type":"","overlay-color":"","overlay-opacity":"","overlay-gradient":""}}},"product_brand":[],"product_cat":[142],"product_tag":[],"class_list":{"0":"post-4134","1":"product","2":"type-product","3":"status-publish","4":"has-post-thumbnail","6":"product_cat-fruit-teas","7":"pa_brand_nc-wollenhaupt-tea-en-2","8":"pa_kolicina-za-narudzbu-100g-en","9":"pa_kolicina-za-narudzbu-200g-en","10":"pa_kolicina-za-narudzbu-300g-en","11":"pa_kolicina-za-narudzbu-400g-en","12":"pa_kolicina-za-narudzbu-500g-en","13":"pa_kolicina-za-narudzbu-50g-en","14":"desktop-align-left","15":"tablet-align-left","16":"mobile-align-left","17":"ast-product-gallery-layout-horizontal","18":"ast-product-gallery-with-no-image","19":"ast-product-single-variable","20":"ast-product-tabs-layout-horizontal","21":"ast-qv-on-image","23":"first","24":"instock","25":"taxable","26":"shipping-taxable","27":"purchasable","28":"product-type-variable","29":"has-default-attributes"},"yoast_head":"<!-- This site is optimized with the Yoast SEO plugin v25.7 - https:\/\/yoast.com\/wordpress\/plugins\/seo\/ -->\n<title>Rodgrod Med Flode - Ku\u0107a \u010daja Split Kaliterna<\/title>\n<meta name=\"robots\" content=\"index, follow, max-snippet:-1, max-image-preview:large, max-video-preview:-1\" \/>\n<link rel=\"canonical\" href=\"https:\/\/www.kucacaja-split.hr\/en\/product\/rodgrod-med-flode\/\" \/>\n<meta property=\"og:locale\" content=\"en_US\" \/>\n<meta property=\"og:type\" content=\"article\" \/>\n<meta property=\"og:title\" content=\"Rodgrod Med Flode - Ku\u0107a \u010daja Split Kaliterna\" \/>\n<meta property=\"og:description\" content=\"A powerful mixture composed of cherry, cranberry, apple, hibiscus, and strawberry. An ideal daily drink suitable for better immunity, without theine (caffeine), calories, rich in vitamins and minerals, suitable for all age groups. Prepared, it can be consumed warm or cold within 24 hours.\" \/>\n<meta property=\"og:url\" content=\"https:\/\/www.kucacaja-split.hr\/en\/product\/rodgrod-med-flode\/\" \/>\n<meta property=\"og:site_name\" content=\"Ku\u0107a \u010daja Split Kaliterna\" \/>\n<meta property=\"article:publisher\" content=\"https:\/\/web.facebook.com\/kucacajasplit\/\" \/>\n<meta property=\"article:modified_time\" content=\"2022-11-02T23:32:09+00:00\" \/>\n<meta property=\"og:image\" content=\"https:\/\/www.kucacaja-split.hr\/wp-content\/uploads\/nc\/images\/stories\/virtuemart\/product\/Rod-med.jpg\" \/>\n\t<meta property=\"og:image:width\" content=\"1495\" \/>\n\t<meta property=\"og:image:height\" content=\"1122\" \/>\n\t<meta property=\"og:image:type\" content=\"image\/jpeg\" \/>\n<meta name=\"twitter:card\" content=\"summary_large_image\" \/>\n<meta name=\"twitter:site\" content=\"@KucaCajaSplit\" \/>\n<meta name=\"twitter:label1\" content=\"Est. reading time\" \/>\n\t<meta name=\"twitter:data1\" content=\"1 minute\" \/>\n<script type=\"application\/ld+json\" class=\"yoast-schema-graph\">{\"@context\":\"https:\/\/schema.org\",\"@graph\":[{\"@type\":\"WebPage\",\"@id\":\"https:\/\/www.kucacaja-split.hr\/en\/product\/rodgrod-med-flode\/\",\"url\":\"https:\/\/www.kucacaja-split.hr\/en\/product\/rodgrod-med-flode\/\",\"name\":\"Rodgrod Med Flode - Ku\u0107a \u010daja Split Kaliterna\",\"isPartOf\":{\"@id\":\"https:\/\/www.kucacaja-split.hr\/#website\"},\"primaryImageOfPage\":{\"@id\":\"https:\/\/www.kucacaja-split.hr\/en\/product\/rodgrod-med-flode\/#primaryimage\"},\"image\":{\"@id\":\"https:\/\/www.kucacaja-split.hr\/en\/product\/rodgrod-med-flode\/#primaryimage\"},\"thumbnailUrl\":\"https:\/\/www.kucacaja-split.hr\/wp-content\/uploads\/nc\/images\/stories\/virtuemart\/product\/Rod-med.jpg\",\"datePublished\":\"2020-04-09T10:55:35+00:00\",\"dateModified\":\"2022-11-02T23:32:09+00:00\",\"breadcrumb\":{\"@id\":\"https:\/\/www.kucacaja-split.hr\/en\/product\/rodgrod-med-flode\/#breadcrumb\"},\"inLanguage\":\"en-US\",\"potentialAction\":[{\"@type\":\"ReadAction\",\"target\":[\"https:\/\/www.kucacaja-split.hr\/en\/product\/rodgrod-med-flode\/\"]}]},{\"@type\":\"ImageObject\",\"inLanguage\":\"en-US\",\"@id\":\"https:\/\/www.kucacaja-split.hr\/en\/product\/rodgrod-med-flode\/#primaryimage\",\"url\":\"https:\/\/www.kucacaja-split.hr\/wp-content\/uploads\/nc\/images\/stories\/virtuemart\/product\/Rod-med.jpg\",\"contentUrl\":\"https:\/\/www.kucacaja-split.hr\/wp-content\/uploads\/nc\/images\/stories\/virtuemart\/product\/Rod-med.jpg\",\"width\":1495,\"height\":1122},{\"@type\":\"BreadcrumbList\",\"@id\":\"https:\/\/www.kucacaja-split.hr\/en\/product\/rodgrod-med-flode\/#breadcrumb\",\"itemListElement\":[{\"@type\":\"ListItem\",\"position\":1,\"name\":\"Po\u010detna stranica\",\"item\":\"https:\/\/www.kucacaja-split.hr\/en\/\"},{\"@type\":\"ListItem\",\"position\":2,\"name\":\"Teas\",\"item\":\"https:\/\/www.kucacaja-split.hr\/en\/shop\/\"},{\"@type\":\"ListItem\",\"position\":3,\"name\":\"Rodgrod Med Flode\"}]},{\"@type\":\"WebSite\",\"@id\":\"https:\/\/www.kucacaja-split.hr\/#website\",\"url\":\"https:\/\/www.kucacaja-split.hr\/\",\"name\":\"Ku\u0107a \u010daja Split Kaliterna\",\"description\":\"Ku\u0107a \u010daja Split Kaliterna\",\"publisher\":{\"@id\":\"https:\/\/www.kucacaja-split.hr\/#organization\"},\"potentialAction\":[{\"@type\":\"SearchAction\",\"target\":{\"@type\":\"EntryPoint\",\"urlTemplate\":\"https:\/\/www.kucacaja-split.hr\/?s={search_term_string}\"},\"query-input\":{\"@type\":\"PropertyValueSpecification\",\"valueRequired\":true,\"valueName\":\"search_term_string\"}}],\"inLanguage\":\"en-US\"},{\"@type\":\"Organization\",\"@id\":\"https:\/\/www.kucacaja-split.hr\/#organization\",\"name\":\"Ku\u0107a \u010daja Split Kaliterna\",\"url\":\"https:\/\/www.kucacaja-split.hr\/\",\"logo\":{\"@type\":\"ImageObject\",\"inLanguage\":\"en-US\",\"@id\":\"https:\/\/www.kucacaja-split.hr\/#\/schema\/logo\/image\/\",\"url\":\"https:\/\/www.kucacaja-split.hr\/wp-content\/uploads\/2022\/03\/logo.png\",\"contentUrl\":\"https:\/\/www.kucacaja-split.hr\/wp-content\/uploads\/2022\/03\/logo.png\",\"width\":407,\"height\":167,\"caption\":\"Ku\u0107a \u010daja Split Kaliterna\"},\"image\":{\"@id\":\"https:\/\/www.kucacaja-split.hr\/#\/schema\/logo\/image\/\"},\"sameAs\":[\"https:\/\/web.facebook.com\/kucacajasplit\/\",\"https:\/\/x.com\/KucaCajaSplit\",\"https:\/\/www.instagram.com\/teahousekaliterna\/?hl=hr\"]}]}<\/script>\n<!-- \/ Yoast SEO plugin. -->","yoast_head_json":{"title":"Rodgrod Med Flode - Ku\u0107a \u010daja Split Kaliterna","robots":{"index":"index","follow":"follow","max-snippet":"max-snippet:-1","max-image-preview":"max-image-preview:large","max-video-preview":"max-video-preview:-1"},"canonical":"https:\/\/www.kucacaja-split.hr\/en\/product\/rodgrod-med-flode\/","og_locale":"en_US","og_type":"article","og_title":"Rodgrod Med Flode - Ku\u0107a \u010daja Split Kaliterna","og_description":"A powerful mixture composed of cherry, cranberry, apple, hibiscus, and strawberry. An ideal daily drink suitable for better immunity, without theine (caffeine), calories, rich in vitamins and minerals, suitable for all age groups. Prepared, it can be consumed warm or cold within 24 hours.","og_url":"https:\/\/www.kucacaja-split.hr\/en\/product\/rodgrod-med-flode\/","og_site_name":"Ku\u0107a \u010daja Split Kaliterna","article_publisher":"https:\/\/web.facebook.com\/kucacajasplit\/","article_modified_time":"2022-11-02T23:32:09+00:00","og_image":[{"width":1495,"height":1122,"url":"https:\/\/www.kucacaja-split.hr\/wp-content\/uploads\/nc\/images\/stories\/virtuemart\/product\/Rod-med.jpg","type":"image\/jpeg"}],"twitter_card":"summary_large_image","twitter_site":"@KucaCajaSplit","twitter_misc":{"Est. reading time":"1 minute"},"schema":{"@context":"https:\/\/schema.org","@graph":[{"@type":"WebPage","@id":"https:\/\/www.kucacaja-split.hr\/en\/product\/rodgrod-med-flode\/","url":"https:\/\/www.kucacaja-split.hr\/en\/product\/rodgrod-med-flode\/","name":"Rodgrod Med Flode - Ku\u0107a \u010daja Split Kaliterna","isPartOf":{"@id":"https:\/\/www.kucacaja-split.hr\/#website"},"primaryImageOfPage":{"@id":"https:\/\/www.kucacaja-split.hr\/en\/product\/rodgrod-med-flode\/#primaryimage"},"image":{"@id":"https:\/\/www.kucacaja-split.hr\/en\/product\/rodgrod-med-flode\/#primaryimage"},"thumbnailUrl":"https:\/\/www.kucacaja-split.hr\/wp-content\/uploads\/nc\/images\/stories\/virtuemart\/product\/Rod-med.jpg","datePublished":"2020-04-09T10:55:35+00:00","dateModified":"2022-11-02T23:32:09+00:00","breadcrumb":{"@id":"https:\/\/www.kucacaja-split.hr\/en\/product\/rodgrod-med-flode\/#breadcrumb"},"inLanguage":"en-US","potentialAction":[{"@type":"ReadAction","target":["https:\/\/www.kucacaja-split.hr\/en\/product\/rodgrod-med-flode\/"]}]},{"@type":"ImageObject","inLanguage":"en-US","@id":"https:\/\/www.kucacaja-split.hr\/en\/product\/rodgrod-med-flode\/#primaryimage","url":"https:\/\/www.kucacaja-split.hr\/wp-content\/uploads\/nc\/images\/stories\/virtuemart\/product\/Rod-med.jpg","contentUrl":"https:\/\/www.kucacaja-split.hr\/wp-content\/uploads\/nc\/images\/stories\/virtuemart\/product\/Rod-med.jpg","width":1495,"height":1122},{"@type":"BreadcrumbList","@id":"https:\/\/www.kucacaja-split.hr\/en\/product\/rodgrod-med-flode\/#breadcrumb","itemListElement":[{"@type":"ListItem","position":1,"name":"Po\u010detna stranica","item":"https:\/\/www.kucacaja-split.hr\/en\/"},{"@type":"ListItem","position":2,"name":"Teas","item":"https:\/\/www.kucacaja-split.hr\/en\/shop\/"},{"@type":"ListItem","position":3,"name":"Rodgrod Med Flode"}]},{"@type":"WebSite","@id":"https:\/\/www.kucacaja-split.hr\/#website","url":"https:\/\/www.kucacaja-split.hr\/","name":"Ku\u0107a \u010daja Split Kaliterna","description":"Ku\u0107a \u010daja Split Kaliterna","publisher":{"@id":"https:\/\/www.kucacaja-split.hr\/#organization"},"potentialAction":[{"@type":"SearchAction","target":{"@type":"EntryPoint","urlTemplate":"https:\/\/www.kucacaja-split.hr\/?s={search_term_string}"},"query-input":{"@type":"PropertyValueSpecification","valueRequired":true,"valueName":"search_term_string"}}],"inLanguage":"en-US"},{"@type":"Organization","@id":"https:\/\/www.kucacaja-split.hr\/#organization","name":"Ku\u0107a \u010daja Split Kaliterna","url":"https:\/\/www.kucacaja-split.hr\/","logo":{"@type":"ImageObject","inLanguage":"en-US","@id":"https:\/\/www.kucacaja-split.hr\/#\/schema\/logo\/image\/","url":"https:\/\/www.kucacaja-split.hr\/wp-content\/uploads\/2022\/03\/logo.png","contentUrl":"https:\/\/www.kucacaja-split.hr\/wp-content\/uploads\/2022\/03\/logo.png","width":407,"height":167,"caption":"Ku\u0107a \u010daja Split Kaliterna"},"image":{"@id":"https:\/\/www.kucacaja-split.hr\/#\/schema\/logo\/image\/"},"sameAs":["https:\/\/web.facebook.com\/kucacajasplit\/","https:\/\/x.com\/KucaCajaSplit","https:\/\/www.instagram.com\/teahousekaliterna\/?hl=hr"]}]}},"_links":{"self":[{"href":"https:\/\/www.kucacaja-split.hr\/en\/wp-json\/wp\/v2\/product\/4134","targetHints":{"allow":["GET"]}}],"collection":[{"href":"https:\/\/www.kucacaja-split.hr\/en\/wp-json\/wp\/v2\/product"}],"about":[{"href":"https:\/\/www.kucacaja-split.hr\/en\/wp-json\/wp\/v2\/types\/product"}],"wp:featuredmedia":[{"embeddable":true,"href":"https:\/\/www.kucacaja-split.hr\/en\/wp-json\/wp\/v2\/media\/4135"}],"wp:attachment":[{"href":"https:\/\/www.kucacaja-split.hr\/en\/wp-json\/wp\/v2\/media?parent=4134"}],"wp:term":[{"taxonomy":"product_brand","embeddable":true,"href":"https:\/\/www.kucacaja-split.hr\/en\/wp-json\/wp\/v2\/product_brand?post=4134"},{"taxonomy":"product_cat","embeddable":true,"href":"https:\/\/www.kucacaja-split.hr\/en\/wp-json\/wp\/v2\/product_cat?post=4134"},{"taxonomy":"product_tag","embeddable":true,"href":"https:\/\/www.kucacaja-split.hr\/en\/wp-json\/wp\/v2\/product_tag?post=4134"}],"curies":[{"name":"wp","href":"https:\/\/api.w.org\/{rel}","templated":true}]}}